{"id":1256,"date":"2022-11-24T11:01:05","date_gmt":"2022-11-24T11:01:05","guid":{"rendered":"https:\/\/athixdev.xyz\/aabb\/?page_id=1256"},"modified":"2024-07-18T01:48:07","modified_gmt":"2024-07-18T01:48:07","slug":"empresa","status":"publish","type":"page","link":"https:\/\/aabbengenharia.com.br\/?page_id=1256","title":{"rendered":"EMPRESA"},"content":{"rendered":"\t\t<div data-elementor-type=\"wp-page\" data-elementor-id=\"1256\" class=\"elementor elementor-1256\" data-elementor-post-type=\"page\">\n\t\t\t\t\t\t<section class=\"elementor-section elementor-top-section elementor-element elementor-element-aaeddda elementor-section-boxed elementor-section-height-default elementor-section-height-default\" data-id=\"aaeddda\" data-element_type=\"section\" data-settings=\"{&quot;_ha_eqh_enable&quot;:false}\">\n\t\t\t\t\t\t<div class=\"elementor-container elementor-column-gap-default\">\n\t\t\t\t\t<div class=\"elementor-column elementor-col-100 elementor-top-column elementor-element elementor-element-24ae8b5\" data-id=\"24ae8b5\" data-element_type=\"column\">\n\t\t\t<div class=\"elementor-widget-wrap elementor-element-populated\">\n\t\t\t\t\t\t<div class=\"elementor-element elementor-element-3fff467 elementor-widget elementor-widget-heading\" data-id=\"3fff467\" data-element_type=\"widget\" data-widget_type=\"heading.default\">\n\t\t\t\t<div class=\"elementor-widget-container\">\n\t\t\t<style>\/*! elementor - v3.23.0 - 15-07-2024 *\/\n.elementor-heading-title{padding:0;margin:0;line-height:1}.elementor-widget-heading .elementor-heading-title[class*=elementor-size-]>a{color:inherit;font-size:inherit;line-height:inherit}.elementor-widget-heading .elementor-heading-title.elementor-size-small{font-size:15px}.elementor-widget-heading .elementor-heading-title.elementor-size-medium{font-size:19px}.elementor-widget-heading .elementor-heading-title.elementor-size-large{font-size:29px}.elementor-widget-heading .elementor-heading-title.elementor-size-xl{font-size:39px}.elementor-widget-heading .elementor-heading-title.elementor-size-xxl{font-size:59px}<\/style><h2 class=\"elementor-heading-title elementor-size-default\">Somos a AABB Engenharia<\/h2>\t\t<\/div>\n\t\t\t\t<\/div>\n\t\t\t\t<section class=\"elementor-section elementor-inner-section elementor-element elementor-element-9d1ab2e elementor-section-boxed elementor-section-height-default elementor-section-height-default\" data-id=\"9d1ab2e\" data-element_type=\"section\" data-settings=\"{&quot;_ha_eqh_enable&quot;:false}\">\n\t\t\t\t\t\t<div class=\"elementor-container elementor-column-gap-default\">\n\t\t\t\t\t<div class=\"elementor-column elementor-col-50 elementor-inner-column elementor-element elementor-element-1fda499\" data-id=\"1fda499\" data-element_type=\"column\">\n\t\t\t<div class=\"elementor-widget-wrap elementor-element-populated\">\n\t\t\t\t\t\t<div class=\"elementor-element elementor-element-029a587 elementor-widget__width-initial elementor-widget elementor-widget-image\" data-id=\"029a587\" data-element_type=\"widget\" data-widget_type=\"image.default\">\n\t\t\t\t<div class=\"elementor-widget-container\">\n\t\t\t<style>\/*! elementor - v3.23.0 - 15-07-2024 *\/\n.elementor-widget-image{text-align:center}.elementor-widget-image a{display:inline-block}.elementor-widget-image a img[src$=\".svg\"]{width:48px}.elementor-widget-image img{vertical-align:middle;display:inline-block}<\/style>\t\t\t\t\t\t\t\t\t\t<img fetchpriority=\"high\" decoding=\"async\" width=\"800\" height=\"800\" src=\"https:\/\/aabbengenharia.com.br\/wp-content\/uploads\/2024\/07\/Ativo-3.svg\" class=\"elementor-animation-grow attachment-large size-large wp-image-1436\" alt=\"\" srcset=\"https:\/\/aabbengenharia.com.br\/wp-content\/uploads\/\/2024\/07\/Ativo-3.svg 150w, https:\/\/aabbengenharia.com.br\/wp-content\/uploads\/\/2024\/07\/Ativo-3.svg 300w, https:\/\/aabbengenharia.com.br\/wp-content\/uploads\/\/2024\/07\/Ativo-3.svg 768w, https:\/\/aabbengenharia.com.br\/wp-content\/uploads\/\/2024\/07\/Ativo-3.svg 1024w\" sizes=\"(max-width: 800px) 100vw, 800px\" \/>\t\t\t\t\t\t\t\t\t\t\t\t\t<\/div>\n\t\t\t\t<\/div>\n\t\t\t\t\t<\/div>\n\t\t<\/div>\n\t\t\t\t<div class=\"elementor-column elementor-col-50 elementor-inner-column elementor-element elementor-element-5938632\" data-id=\"5938632\" data-element_type=\"column\">\n\t\t\t<div class=\"elementor-widget-wrap elementor-element-populated\">\n\t\t\t\t\t\t<div class=\"elementor-element elementor-element-f61867e elementor-widget__width-initial elementor-widget elementor-widget-text-editor\" data-id=\"f61867e\" data-element_type=\"widget\" data-widget_type=\"text-editor.default\">\n\t\t\t\t<div class=\"elementor-widget-container\">\n\t\t\t<style>\/*! elementor - v3.23.0 - 15-07-2024 *\/\n.elementor-widget-text-editor.elementor-drop-cap-view-stacked .elementor-drop-cap{background-color:#69727d;color:#fff}.elementor-widget-text-editor.elementor-drop-cap-view-framed .elementor-drop-cap{color:#69727d;border:3px solid;background-color:transparent}.elementor-widget-text-editor:not(.elementor-drop-cap-view-default) .elementor-drop-cap{margin-top:8px}.elementor-widget-text-editor:not(.elementor-drop-cap-view-default) .elementor-drop-cap-letter{width:1em;height:1em}.elementor-widget-text-editor .elementor-drop-cap{float:left;text-align:center;line-height:1;font-size:50px}.elementor-widget-text-editor .elementor-drop-cap-letter{display:inline-block}<\/style>\t\t\t\t<p>A empresa iniciou suas atividades em 1994 com o nome COINP Construtora, em Campo Verde \u2013 MT. Em 2003, passou por uma reformula\u00e7\u00e3o estrat\u00e9gica e, acrescendo novos s\u00f3cios, teve seu nome alterado para AABB Engenharia e Constru\u00e7\u00e3o Ltda. Desde ent\u00e3o, vem desenvolvendo e ampliando o seu portf\u00f3lio.<\/p>\t\t\t\t\t\t<\/div>\n\t\t\t\t<\/div>\n\t\t\t\t\t<\/div>\n\t\t<\/div>\n\t\t\t\t\t<\/div>\n\t\t<\/section>\n\t\t\t\t<section class=\"elementor-section elementor-inner-section elementor-element elementor-element-5698df1 elementor-section-boxed elementor-section-height-default elementor-section-height-default\" data-id=\"5698df1\" data-element_type=\"section\" data-settings=\"{&quot;_ha_eqh_enable&quot;:false}\">\n\t\t\t\t\t\t<div class=\"elementor-container elementor-column-gap-default\">\n\t\t\t\t\t<div class=\"elementor-column elementor-col-50 elementor-inner-column elementor-element elementor-element-9940446\" data-id=\"9940446\" data-element_type=\"column\">\n\t\t\t<div class=\"elementor-widget-wrap elementor-element-populated\">\n\t\t\t\t\t\t<div class=\"elementor-element elementor-element-ff84278 elementor-widget elementor-widget-heading\" data-id=\"ff84278\" data-element_type=\"widget\" data-widget_type=\"heading.default\">\n\t\t\t\t<div class=\"elementor-widget-container\">\n\t\t\t<h2 class=\"elementor-heading-title elementor-size-default\">Qualidade e Comprometimento\n<\/h2>\t\t<\/div>\n\t\t\t\t<\/div>\n\t\t\t\t<div class=\"elementor-element elementor-element-1c8426d elementor-widget__width-initial elementor-widget elementor-widget-text-editor\" data-id=\"1c8426d\" data-element_type=\"widget\" data-widget_type=\"text-editor.default\">\n\t\t\t\t<div class=\"elementor-widget-container\">\n\t\t\t\t\t\t\t<p>Ao longo do tempo vem se desenvolvendo, incorporando novas t\u00e9cnicas e acumulando experi\u00eancias em obras industriais, comerciais, agro-industriais e residenciais. Contando com uma equipe comprometida com o prop\u00f3sito de uma consolida\u00e7\u00e3o de um neg\u00f3cio de sucesso, a empresa possui profissionais de diversas \u00e1reas, sendo elas: Engenharia Civil, Arquitetura e Urbanismo, Engenharia e Seguran\u00e7a do Trabalho, T\u00e9cnica em Edifica\u00e7\u00e3o e Administra\u00e7\u00e3o de Empresas.<\/p>\t\t\t\t\t\t<\/div>\n\t\t\t\t<\/div>\n\t\t\t\t<div class=\"elementor-element elementor-element-cb97fcd elementor-widget__width-initial elementor-widget elementor-widget-text-editor\" data-id=\"cb97fcd\" data-element_type=\"widget\" data-widget_type=\"text-editor.default\">\n\t\t\t\t<div class=\"elementor-widget-container\">\n\t\t\t\t\t\t\tQualidade e comprometimento\n\n\nAo longo do tempo vem se desenvolvendo, incorporando novas t\u00e9cnicas e acumulando experi\u00eancias em obras industriais, comerciais, agro-industriais e residenciais. Contando com uma equipe comprometida com o prop\u00f3sito de uma consolida\u00e7\u00e3o de um neg\u00f3cio de sucesso, a empresa possui profissionais de diversas \u00e1reas, sendo elas: Engenharia Civil, Arquitetura e Urbanismo, Engenharia e Seguran\u00e7a do Trabalho, T\u00e9cnica em Edifica\u00e7\u00e3o e Administra\u00e7\u00e3o de Empresas.\n\n\nA AABB Engenharia possui capacidade em assumir integralmente uma obra, desde o projeto arquitet\u00f4nico \u00e0 entrega das instala\u00e7\u00f5es com total funcionamento, incluindo todos os servi\u00e7os no mesmo contrato.\t\t\t\t\t\t<\/div>\n\t\t\t\t<\/div>\n\t\t\t\t\t<\/div>\n\t\t<\/div>\n\t\t\t\t<div class=\"elementor-column elementor-col-50 elementor-inner-column elementor-element elementor-element-678ef8b\" data-id=\"678ef8b\" data-element_type=\"column\">\n\t\t\t<div class=\"elementor-widget-wrap elementor-element-populated\">\n\t\t\t\t\t\t<div class=\"elementor-element elementor-element-8a5148b elementor-widget__width-initial elementor-pagination-position-outside elementor-widget elementor-widget-image-carousel\" data-id=\"8a5148b\" data-element_type=\"widget\" data-settings=\"{&quot;slides_to_show&quot;:&quot;1&quot;,&quot;navigation&quot;:&quot;dots&quot;,&quot;autoplay&quot;:&quot;yes&quot;,&quot;pause_on_hover&quot;:&quot;yes&quot;,&quot;pause_on_interaction&quot;:&quot;yes&quot;,&quot;autoplay_speed&quot;:5000,&quot;infinite&quot;:&quot;yes&quot;,&quot;effect&quot;:&quot;slide&quot;,&quot;speed&quot;:500}\" data-widget_type=\"image-carousel.default\">\n\t\t\t\t<div class=\"elementor-widget-container\">\n\t\t\t<style>\/*! elementor - v3.23.0 - 15-07-2024 *\/\n.elementor-widget-image-carousel .swiper,.elementor-widget-image-carousel .swiper-container{position:static}.elementor-widget-image-carousel .swiper-container .swiper-slide figure,.elementor-widget-image-carousel .swiper .swiper-slide figure{line-height:inherit}.elementor-widget-image-carousel .swiper-slide{text-align:center}.elementor-image-carousel-wrapper:not(.swiper-container-initialized):not(.swiper-initialized) .swiper-slide{max-width:calc(100% \/ var(--e-image-carousel-slides-to-show, 3))}<\/style>\t\t<div class=\"elementor-image-carousel-wrapper swiper\" dir=\"ltr\">\n\t\t\t<div class=\"elementor-image-carousel swiper-wrapper\" aria-live=\"off\">\n\t\t\t\t\t\t\t\t<div class=\"swiper-slide\" role=\"group\" aria-roledescription=\"slide\" aria-label=\"1 de 3\"><figure class=\"swiper-slide-inner\"><img decoding=\"async\" class=\"swiper-slide-image\" src=\"https:\/\/aabbengenharia.com.br\/wp-content\/uploads\/2024\/07\/IMG_2560-rotated.jpg\" alt=\"IMG_2560\" \/><\/figure><\/div><div class=\"swiper-slide\" role=\"group\" aria-roledescription=\"slide\" aria-label=\"2 de 3\"><figure class=\"swiper-slide-inner\"><img decoding=\"async\" class=\"swiper-slide-image\" src=\"https:\/\/aabbengenharia.com.br\/wp-content\/uploads\/2024\/07\/IMG_2441-rotated.jpg\" alt=\"IMG_2441\" \/><\/figure><\/div><div class=\"swiper-slide\" role=\"group\" aria-roledescription=\"slide\" aria-label=\"3 de 3\"><figure class=\"swiper-slide-inner\"><img decoding=\"async\" class=\"swiper-slide-image\" src=\"https:\/\/aabbengenharia.com.br\/wp-content\/uploads\/2024\/07\/IMG_2476-rotated.jpg\" alt=\"IMG_2476\" \/><\/figure><\/div>\t\t\t<\/div>\n\t\t\t\t\t\t\t\n\t\t\t\t\t\t\t\t\t<div class=\"swiper-pagination\"><\/div>\n\t\t\t\t\t\t\t\t\t<\/div>\n\t\t\t\t<\/div>\n\t\t\t\t<\/div>\n\t\t\t\t\t<\/div>\n\t\t<\/div>\n\t\t\t\t\t<\/div>\n\t\t<\/section>\n\t\t\t\t\t<\/div>\n\t\t<\/div>\n\t\t\t\t\t<\/div>\n\t\t<\/section>\n\t\t\t\t<section class=\"elementor-section elementor-top-section elementor-element elementor-element-e2316fd elementor-section-boxed elementor-section-height-default elementor-section-height-default\" data-id=\"e2316fd\" data-element_type=\"section\" data-settings=\"{&quot;_ha_eqh_enable&quot;:false}\">\n\t\t\t\t\t\t<div class=\"elementor-container elementor-column-gap-default\">\n\t\t\t\t\t<div class=\"elementor-column elementor-col-50 elementor-top-column elementor-element elementor-element-bd51acf\" data-id=\"bd51acf\" data-element_type=\"column\">\n\t\t\t<div class=\"elementor-widget-wrap elementor-element-populated\">\n\t\t\t\t\t\t<div class=\"elementor-element elementor-element-1a5336c elementor-widget elementor-widget-heading\" data-id=\"1a5336c\" data-element_type=\"widget\" data-widget_type=\"heading.default\">\n\t\t\t\t<div class=\"elementor-widget-container\">\n\t\t\t<h2 class=\"elementor-heading-title elementor-size-default\">Equipe<\/h2>\t\t<\/div>\n\t\t\t\t<\/div>\n\t\t\t\t<div class=\"elementor-element elementor-element-5fb9380 elementor-widget__width-initial elementor-widget elementor-widget-text-editor\" data-id=\"5fb9380\" data-element_type=\"widget\" data-widget_type=\"text-editor.default\">\n\t\t\t\t<div class=\"elementor-widget-container\">\n\t\t\t\t\t\t\tProfissionais altamente qualificados e comprometidos em atender as demandas dos clientes, cumprindo prazos e construindo rela\u00e7\u00e3o de respeito e confian\u00e7a com o contratante.\t\t\t\t\t\t<\/div>\n\t\t\t\t<\/div>\n\t\t\t\t\t<\/div>\n\t\t<\/div>\n\t\t\t\t<div class=\"elementor-column elementor-col-50 elementor-top-column elementor-element elementor-element-134e442\" data-id=\"134e442\" data-element_type=\"column\">\n\t\t\t<div class=\"elementor-widget-wrap elementor-element-populated\">\n\t\t\t\t\t\t<section class=\"elementor-section elementor-inner-section elementor-element elementor-element-8746671 elementor-section-boxed elementor-section-height-default elementor-section-height-default\" data-id=\"8746671\" data-element_type=\"section\" data-settings=\"{&quot;background_background&quot;:&quot;classic&quot;,&quot;_ha_eqh_enable&quot;:false}\">\n\t\t\t\t\t\t<div class=\"elementor-container elementor-column-gap-default\">\n\t\t\t\t\t<div class=\"elementor-column elementor-col-100 elementor-inner-column elementor-element elementor-element-db7b898\" data-id=\"db7b898\" data-element_type=\"column\">\n\t\t\t<div class=\"elementor-widget-wrap elementor-element-populated\">\n\t\t\t\t\t\t<div class=\"elementor-element elementor-element-2584bfc elementor-widget elementor-widget-image\" data-id=\"2584bfc\" data-element_type=\"widget\" data-widget_type=\"image.default\">\n\t\t\t\t<div class=\"elementor-widget-container\">\n\t\t\t\t\t\t\t\t\t\t\t\t\t<img decoding=\"async\" width=\"1600\" height=\"400\" src=\"https:\/\/aabbengenharia.com.br\/wp-content\/uploads\/2023\/11\/Design-sem-nome.png\" class=\"attachment-2048x2048 size-2048x2048 wp-image-1381\" alt=\"\" srcset=\"https:\/\/aabbengenharia.com.br\/wp-content\/uploads\/2023\/11\/Design-sem-nome.png 1600w, https:\/\/aabbengenharia.com.br\/wp-content\/uploads\/2023\/11\/Design-sem-nome-1536x384.png 1536w\" sizes=\"(max-width: 1600px) 100vw, 1600px\" \/>\t\t\t\t\t\t\t\t\t\t\t\t\t<\/div>\n\t\t\t\t<\/div>\n\t\t\t\t\t<\/div>\n\t\t<\/div>\n\t\t\t\t\t<\/div>\n\t\t<\/section>\n\t\t\t\t\t<\/div>\n\t\t<\/div>\n\t\t\t\t\t<\/div>\n\t\t<\/section>\n\t\t\t\t<\/div>\n\t\t","protected":false},"excerpt":{"rendered":"<p>Somos a AABB Engenharia A empresa iniciou suas atividades em 1994 com o nome COINP Construtora, em Campo Verde \u2013 MT. Em 2003, passou por uma reformula\u00e7\u00e3o estrat\u00e9gica e, acrescendo novos s\u00f3cios, teve seu nome alterado para AABB Engenharia e Constru\u00e7\u00e3o Ltda. Desde ent\u00e3o, vem desenvolvendo e ampliando o seu portf\u00f3lio. Qualidade e Comprometimento Ao [&hellip;]<\/p>\n","protected":false},"author":1,"featured_media":0,"parent":0,"menu_order":0,"comment_status":"closed","ping_status":"closed","template":"","meta":{"footnotes":""},"class_list":["post-1256","page","type-page","status-publish","hentry"],"_links":{"self":[{"href":"https:\/\/aabbengenharia.com.br\/index.php?rest_route=\/wp\/v2\/pages\/1256","targetHints":{"allow":["GET"]}}],"collection":[{"href":"https:\/\/aabbengenharia.com.br\/index.php?rest_route=\/wp\/v2\/pages"}],"about":[{"href":"https:\/\/aabbengenharia.com.br\/index.php?rest_route=\/wp\/v2\/types\/page"}],"author":[{"embeddable":true,"href":"https:\/\/aabbengenharia.com.br\/index.php?rest_route=\/wp\/v2\/users\/1"}],"replies":[{"embeddable":true,"href":"https:\/\/aabbengenharia.com.br\/index.php?rest_route=%2Fwp%2Fv2%2Fcomments&post=1256"}],"version-history":[{"count":37,"href":"https:\/\/aabbengenharia.com.br\/index.php?rest_route=\/wp\/v2\/pages\/1256\/revisions"}],"predecessor-version":[{"id":1592,"href":"https:\/\/aabbengenharia.com.br\/index.php?rest_route=\/wp\/v2\/pages\/1256\/revisions\/1592"}],"wp:attachment":[{"href":"https:\/\/aabbengenharia.com.br\/index.php?rest_route=%2Fwp%2Fv2%2Fmedia&parent=1256"}],"curies":[{"name":"wp","href":"https:\/\/api.w.org\/{rel}","templated":true}]}}